{"id":339,"date":"2019-12-23T12:37:01","date_gmt":"2019-12-23T11:37:01","guid":{"rendered":"http:\/\/floresgomez.com\/?page_id=339"},"modified":"2019-12-23T13:30:22","modified_gmt":"2019-12-23T12:30:22","slug":"grupos-de-presion","status":"publish","type":"page","link":"https:\/\/floresgomez.com\/index.php\/home\/grupos-de-presion\/","title":{"rendered":"Grupos de presi\u00f3n"},"content":{"rendered":"\t\t<div data-elementor-type=\"wp-page\" data-elementor-id=\"339\" class=\"elementor elementor-339\" data-elementor-settings=\"[]\">\n\t\t\t\t\t\t<div class=\"elementor-inner\">\n\t\t\t\t\t\t\t<div class=\"elementor-section-wrap\">\n\t\t\t\t\t\t\t<section class=\"elementor-section elementor-top-section elementor-element elementor-element-1c71ec2 elementor-section-boxed elementor-section-height-default elementor-section-height-default\" data-id=\"1c71ec2\" data-element_type=\"section\">\n\t\t\t\t\t\t<div class=\"elementor-container elementor-column-gap-default\">\n\t\t\t\t\t\t\t<div class=\"elementor-row\">\n\t\t\t\t\t<div class=\"elementor-column elementor-col-100 elementor-top-column elementor-element elementor-element-61d2081\" data-id=\"61d2081\" data-element_type=\"column\">\n\t\t\t<div class=\"elementor-column-wrap elementor-element-populated\">\n\t\t\t\t\t\t\t<div class=\"elementor-widget-wrap\">\n\t\t\t\t\t\t<div class=\"elementor-element elementor-element-c2aa9eb elementor-widget elementor-widget-heading\" data-id=\"c2aa9eb\" data-element_type=\"widget\" data-widget_type=\"heading.default\">\n\t\t\t\t<div class=\"elementor-widget-container\">\n\t\t\t<h2 class=\"elementor-heading-title elementor-size-default\">Grupos de presi\u00f3n<\/h2>\t\t<\/div>\n\t\t\t\t<\/div>\n\t\t\t\t\t\t<\/div>\n\t\t\t\t\t<\/div>\n\t\t<\/div>\n\t\t\t\t\t\t\t\t<\/div>\n\t\t\t\t\t<\/div>\n\t\t<\/section>\n\t\t\t\t<section class=\"elementor-section elementor-top-section elementor-element elementor-element-7bc6c2f elementor-section-boxed elementor-section-height-default elementor-section-height-default\" data-id=\"7bc6c2f\" data-element_type=\"section\">\n\t\t\t\t\t\t<div class=\"elementor-container elementor-column-gap-default\">\n\t\t\t\t\t\t\t<div class=\"elementor-row\">\n\t\t\t\t\t<div class=\"elementor-column elementor-col-50 elementor-top-column elementor-element elementor-element-79b3b04\" data-id=\"79b3b04\" data-element_type=\"column\">\n\t\t\t<div class=\"elementor-column-wrap elementor-element-populated\">\n\t\t\t\t\t\t\t<div class=\"elementor-widget-wrap\">\n\t\t\t\t\t\t<div class=\"elementor-element elementor-element-efabbfa elementor-widget elementor-widget-text-editor\" data-id=\"efabbfa\" data-element_type=\"widget\" data-widget_type=\"text-editor.default\">\n\t\t\t\t<div class=\"elementor-widget-container\">\n\t\t\t\t\t<div class=\"elementor-text-editor elementor-clearfix\"><p>Instalaci\u00f3n de grupos de presi\u00f3n con variador de velocidad.<\/p><p>Mantenimiento y reparaci\u00f3n en general.<\/p><\/div>\n\t\t\t\t<\/div>\n\t\t\t\t<\/div>\n\t\t\t\t\t\t<\/div>\n\t\t\t\t\t<\/div>\n\t\t<\/div>\n\t\t\t\t<div class=\"elementor-column elementor-col-50 elementor-top-column elementor-element elementor-element-72c3e0e\" data-id=\"72c3e0e\" data-element_type=\"column\">\n\t\t\t<div class=\"elementor-column-wrap elementor-element-populated\">\n\t\t\t\t\t\t\t<div class=\"elementor-widget-wrap\">\n\t\t\t\t\t\t<div class=\"elementor-element elementor-element-f08a4fb elementor-widget elementor-widget-image\" data-id=\"f08a4fb\" data-element_type=\"widget\" data-widget_type=\"image.default\">\n\t\t\t\t<div class=\"elementor-widget-container\">\n\t\t\t\t\t<div class=\"elementor-image\">\n\t\t\t\t\t\t\t\t\t\t<img width=\"1024\" height=\"576\" src=\"https:\/\/floresgomez.com\/wp-content\/uploads\/2019\/12\/DSC_4748-1024x576.jpg\" class=\"attachment-large size-large\" alt=\"\" loading=\"lazy\" srcset=\"https:\/\/floresgomez.com\/wp-content\/uploads\/2019\/12\/DSC_4748-1024x576.jpg 1024w, https:\/\/floresgomez.com\/wp-content\/uploads\/2019\/12\/DSC_4748-300x169.jpg 300w, https:\/\/floresgomez.com\/wp-content\/uploads\/2019\/12\/DSC_4748-768x432.jpg 768w, https:\/\/floresgomez.com\/wp-content\/uploads\/2019\/12\/DSC_4748-1536x864.jpg 1536w, https:\/\/floresgomez.com\/wp-content\/uploads\/2019\/12\/DSC_4748-2048x1152.jpg 2048w, https:\/\/floresgomez.com\/wp-content\/uploads\/2019\/12\/DSC_4748-720x405.jpg 720w\" sizes=\"(max-width: 1024px) 100vw, 1024px\" \/>\t\t\t\t\t\t\t\t\t\t\t<\/div>\n\t\t\t\t<\/div>\n\t\t\t\t<\/div>\n\t\t\t\t\t\t<\/div>\n\t\t\t\t\t<\/div>\n\t\t<\/div>\n\t\t\t\t\t\t\t\t<\/div>\n\t\t\t\t\t<\/div>\n\t\t<\/section>\n\t\t\t\t\t\t<\/div>\n\t\t\t\t\t\t<\/div>\n\t\t\t\t\t<\/div>\n\t\t","protected":false},"excerpt":{"rendered":"<p>Grupos de presi\u00f3n Instalaci\u00f3n de grupos de presi\u00f3n con variador de velocidad. Mantenimiento y reparaci\u00f3n en general.<\/p>\n","protected":false},"author":2,"featured_media":0,"parent":203,"menu_order":0,"comment_status":"closed","ping_status":"closed","template":"elementor_header_footer","meta":{"spay_email":""},"_links":{"self":[{"href":"https:\/\/floresgomez.com\/index.php\/wp-json\/wp\/v2\/pages\/339"}],"collection":[{"href":"https:\/\/floresgomez.com\/index.php\/wp-json\/wp\/v2\/pages"}],"about":[{"href":"https:\/\/floresgomez.com\/index.php\/wp-json\/wp\/v2\/types\/page"}],"author":[{"embeddable":true,"href":"https:\/\/floresgomez.com\/index.php\/wp-json\/wp\/v2\/users\/2"}],"replies":[{"embeddable":true,"href":"https:\/\/floresgomez.com\/index.php\/wp-json\/wp\/v2\/comments?post=339"}],"version-history":[{"count":4,"href":"https:\/\/floresgomez.com\/index.php\/wp-json\/wp\/v2\/pages\/339\/revisions"}],"predecessor-version":[{"id":346,"href":"https:\/\/floresgomez.com\/index.php\/wp-json\/wp\/v2\/pages\/339\/revisions\/346"}],"up":[{"embeddable":true,"href":"https:\/\/floresgomez.com\/index.php\/wp-json\/wp\/v2\/pages\/203"}],"wp:attachment":[{"href":"https:\/\/floresgomez.com\/index.php\/wp-json\/wp\/v2\/media?parent=339"}],"curies":[{"name":"wp","href":"https:\/\/api.w.org\/{rel}","templated":true}]}}