{"id":302,"date":"2019-08-26T21:18:03","date_gmt":"2019-08-26T19:18:03","guid":{"rendered":"http:\/\/floresgomez.com\/?page_id=302"},"modified":"2019-12-23T12:34:08","modified_gmt":"2019-12-23T11:34:08","slug":"equipos-contra-incendio","status":"publish","type":"page","link":"https:\/\/floresgomez.com\/index.php\/home\/equipos-contra-incendio\/","title":{"rendered":"Equipos contra incendio"},"content":{"rendered":"\t\t<div data-elementor-type=\"wp-post\" data-elementor-id=\"302\" class=\"elementor elementor-302\" data-elementor-settings=\"[]\">\n\t\t\t\t\t\t<div class=\"elementor-inner\">\n\t\t\t\t\t\t\t<div class=\"elementor-section-wrap\">\n\t\t\t\t\t\t\t<section class=\"elementor-section elementor-top-section elementor-element elementor-element-50d58ac elementor-section-boxed elementor-section-height-default elementor-section-height-default\" data-id=\"50d58ac\" data-element_type=\"section\">\n\t\t\t\t\t\t<div class=\"elementor-container elementor-column-gap-default\">\n\t\t\t\t\t\t\t<div class=\"elementor-row\">\n\t\t\t\t\t<div class=\"elementor-column elementor-col-100 elementor-top-column elementor-element elementor-element-cd5385f\" data-id=\"cd5385f\" data-element_type=\"column\">\n\t\t\t<div class=\"elementor-column-wrap elementor-element-populated\">\n\t\t\t\t\t\t\t<div class=\"elementor-widget-wrap\">\n\t\t\t\t\t\t<div class=\"elementor-element elementor-element-1c1f314 elementor-widget elementor-widget-heading\" data-id=\"1c1f314\" data-element_type=\"widget\" data-widget_type=\"heading.default\">\n\t\t\t\t<div class=\"elementor-widget-container\">\n\t\t\t<h2 class=\"elementor-heading-title elementor-size-default\">Equipos contra incendio<\/h2>\t\t<\/div>\n\t\t\t\t<\/div>\n\t\t\t\t\t\t<\/div>\n\t\t\t\t\t<\/div>\n\t\t<\/div>\n\t\t\t\t\t\t\t\t<\/div>\n\t\t\t\t\t<\/div>\n\t\t<\/section>\n\t\t\t\t<section class=\"elementor-section elementor-top-section elementor-element elementor-element-ce03626 elementor-section-boxed elementor-section-height-default elementor-section-height-default\" data-id=\"ce03626\" data-element_type=\"section\">\n\t\t\t\t\t\t<div class=\"elementor-container elementor-column-gap-default\">\n\t\t\t\t\t\t\t<div class=\"elementor-row\">\n\t\t\t\t\t<div class=\"elementor-column elementor-col-50 elementor-top-column elementor-element elementor-element-92df2b2\" data-id=\"92df2b2\" data-element_type=\"column\">\n\t\t\t<div class=\"elementor-column-wrap elementor-element-populated\">\n\t\t\t\t\t\t\t<div class=\"elementor-widget-wrap\">\n\t\t\t\t\t\t<div class=\"elementor-element elementor-element-e992f12 elementor-widget elementor-widget-text-editor\" data-id=\"e992f12\" data-element_type=\"widget\" data-widget_type=\"text-editor.default\">\n\t\t\t\t<div class=\"elementor-widget-container\">\n\t\t\t\t\t<div class=\"elementor-text-editor elementor-clearfix\"><p>Reparaci\u00f3n en equipos contra incendios de cualquier marca. Reparaci\u00f3n de bombas, motores diesel, motores el\u00e9ctricos, bombas jockey, cuadros el\u00e9ctricos (de bombas el\u00e9ctricas y diesel).<\/p><p>Mantenimiento preventivo de motores diesel en los equipos contra incendio con sustituci\u00f3n de aceite, filtros, l\u00edquido anticongelante, gesti\u00f3n de residuos.<\/p><p>Disponemos de tarjetas electr\u00f3nicas de cualquier fabricante de cuadros el\u00e9ctricos para PCI.<\/p><\/div>\n\t\t\t\t<\/div>\n\t\t\t\t<\/div>\n\t\t\t\t\t\t<\/div>\n\t\t\t\t\t<\/div>\n\t\t<\/div>\n\t\t\t\t<div class=\"elementor-column elementor-col-50 elementor-top-column elementor-element elementor-element-ee4ba96\" data-id=\"ee4ba96\" data-element_type=\"column\">\n\t\t\t<div class=\"elementor-column-wrap elementor-element-populated\">\n\t\t\t\t\t\t\t<div class=\"elementor-widget-wrap\">\n\t\t\t\t\t\t<div class=\"elementor-element elementor-element-5e5a20b elementor-widget elementor-widget-image\" data-id=\"5e5a20b\" data-element_type=\"widget\" data-widget_type=\"image.default\">\n\t\t\t\t<div class=\"elementor-widget-container\">\n\t\t\t\t\t<div class=\"elementor-image\">\n\t\t\t\t\t\t\t\t\t\t<img width=\"1024\" height=\"768\" src=\"https:\/\/floresgomez.com\/wp-content\/uploads\/2019\/12\/20191024_103336-1024x768.jpg\" class=\"attachment-large size-large\" alt=\"\" loading=\"lazy\" srcset=\"https:\/\/floresgomez.com\/wp-content\/uploads\/2019\/12\/20191024_103336-1024x768.jpg 1024w, https:\/\/floresgomez.com\/wp-content\/uploads\/2019\/12\/20191024_103336-300x225.jpg 300w, https:\/\/floresgomez.com\/wp-content\/uploads\/2019\/12\/20191024_103336-768x576.jpg 768w, https:\/\/floresgomez.com\/wp-content\/uploads\/2019\/12\/20191024_103336-1536x1152.jpg 1536w, https:\/\/floresgomez.com\/wp-content\/uploads\/2019\/12\/20191024_103336-2048x1536.jpg 2048w, https:\/\/floresgomez.com\/wp-content\/uploads\/2019\/12\/20191024_103336-720x540.jpg 720w\" sizes=\"(max-width: 1024px) 100vw, 1024px\" \/>\t\t\t\t\t\t\t\t\t\t\t<\/div>\n\t\t\t\t<\/div>\n\t\t\t\t<\/div>\n\t\t\t\t\t\t<\/div>\n\t\t\t\t\t<\/div>\n\t\t<\/div>\n\t\t\t\t\t\t\t\t<\/div>\n\t\t\t\t\t<\/div>\n\t\t<\/section>\n\t\t\t\t\t\t<\/div>\n\t\t\t\t\t\t<\/div>\n\t\t\t\t\t<\/div>\n\t\t","protected":false},"excerpt":{"rendered":"<p>Equipos contra incendio Reparaci\u00f3n en equipos contra incendios de cualquier marca. Reparaci\u00f3n de bombas, motores diesel, motores el\u00e9ctricos, bombas jockey, [&hellip;]<\/p>\n","protected":false},"author":1,"featured_media":0,"parent":203,"menu_order":0,"comment_status":"closed","ping_status":"closed","template":"elementor_header_footer","meta":{"spay_email":""},"_links":{"self":[{"href":"https:\/\/floresgomez.com\/index.php\/wp-json\/wp\/v2\/pages\/302"}],"collection":[{"href":"https:\/\/floresgomez.com\/index.php\/wp-json\/wp\/v2\/pages"}],"about":[{"href":"https:\/\/floresgomez.com\/index.php\/wp-json\/wp\/v2\/types\/page"}],"author":[{"embeddable":true,"href":"https:\/\/floresgomez.com\/index.php\/wp-json\/wp\/v2\/users\/1"}],"replies":[{"embeddable":true,"href":"https:\/\/floresgomez.com\/index.php\/wp-json\/wp\/v2\/comments?post=302"}],"version-history":[{"count":5,"href":"https:\/\/floresgomez.com\/index.php\/wp-json\/wp\/v2\/pages\/302\/revisions"}],"predecessor-version":[{"id":338,"href":"https:\/\/floresgomez.com\/index.php\/wp-json\/wp\/v2\/pages\/302\/revisions\/338"}],"up":[{"embeddable":true,"href":"https:\/\/floresgomez.com\/index.php\/wp-json\/wp\/v2\/pages\/203"}],"wp:attachment":[{"href":"https:\/\/floresgomez.com\/index.php\/wp-json\/wp\/v2\/media?parent=302"}],"curies":[{"name":"wp","href":"https:\/\/api.w.org\/{rel}","templated":true}]}}