{"id":198,"date":"2018-09-26T13:17:13","date_gmt":"2018-09-26T13:17:13","guid":{"rendered":"http:\/\/demo.athemes.com\/atu-agency\/?page_id=198"},"modified":"2019-10-24T13:13:10","modified_gmt":"2019-10-24T11:13:10","slug":"about-us","status":"publish","type":"page","link":"https:\/\/floresgomez.com\/index.php\/about-us\/","title":{"rendered":"Qui\u00e9nes somos"},"content":{"rendered":"\t\t<div data-elementor-type=\"wp-post\" data-elementor-id=\"198\" class=\"elementor elementor-198\" data-elementor-settings=\"[]\">\n\t\t\t\t\t\t<div class=\"elementor-inner\">\n\t\t\t\t\t\t\t<div class=\"elementor-section-wrap\">\n\t\t\t\t\t\t\t<section class=\"elementor-section elementor-top-section elementor-element elementor-element-48801e1f elementor-section-boxed elementor-section-height-default elementor-section-height-default\" data-id=\"48801e1f\" data-element_type=\"section\" data-settings=\"{&quot;background_background&quot;:&quot;classic&quot;}\">\n\t\t\t\t\t\t<div class=\"elementor-container elementor-column-gap-wider\">\n\t\t\t\t\t\t\t<div class=\"elementor-row\">\n\t\t\t\t\t<div class=\"elementor-column elementor-col-50 elementor-top-column elementor-element elementor-element-2b921385\" data-id=\"2b921385\" data-element_type=\"column\">\n\t\t\t<div class=\"elementor-column-wrap elementor-element-populated\">\n\t\t\t\t\t\t\t<div class=\"elementor-widget-wrap\">\n\t\t\t\t\t\t<div class=\"elementor-element elementor-element-4251c4d3 elementor-widget elementor-widget-heading\" data-id=\"4251c4d3\" data-element_type=\"widget\" data-widget_type=\"heading.default\">\n\t\t\t\t<div class=\"elementor-widget-container\">\n\t\t\t<h2 class=\"elementor-heading-title elementor-size-default\">Qui\u00e9nes somos<\/h2>\t\t<\/div>\n\t\t\t\t<\/div>\n\t\t\t\t<div class=\"elementor-element elementor-element-5cff5c74 elementor-widget elementor-widget-text-editor\" data-id=\"5cff5c74\" data-element_type=\"widget\" data-widget_type=\"text-editor.default\">\n\t\t\t\t<div class=\"elementor-widget-container\">\n\t\t\t\t\t<div class=\"elementor-text-editor elementor-clearfix\"><p>EFG nace a principios de la d\u00e9cada del 2000 de la mano de Jos\u00e9 Flores.\u00a0<\/p><p>Desde sus inicios, se especializa en la <strong>reparaci\u00f3n de equipos contra incendio<\/strong>, esta especialidad hace que a\u00f1o tras a\u00f1o seamos un referente en nuestro sector.<\/p><p>Actualmente nuestra modernas infraestructuras nos permiten trabajar a un elevado nivel en todo el territorio nacional y pa\u00edses colindantes de la mano de KSB.<\/p><p>Contamos tanto dentro del sector de <strong>prevenci\u00f3n<\/strong> y <strong>seguridad de incendios<\/strong> como del sector <strong>hidr\u00e1ulico<\/strong> con la confianza de las empresas m\u00e1s punteras.<\/p><\/div>\n\t\t\t\t<\/div>\n\t\t\t\t<\/div>\n\t\t\t\t<div class=\"elementor-element elementor-element-435ce0a elementor-align-center elementor-widget elementor-widget-button\" data-id=\"435ce0a\" data-element_type=\"widget\" data-widget_type=\"button.default\">\n\t\t\t\t<div class=\"elementor-widget-container\">\n\t\t\t\t\t<div class=\"elementor-button-wrapper\">\n\t\t\t<a href=\"https:\/\/floresgomez.com\/index.php\/contact\/\" class=\"elementor-button-link elementor-button elementor-size-lg\" role=\"button\">\n\t\t\t\t\t\t<span class=\"elementor-button-content-wrapper\">\n\t\t\t\t\t\t<span class=\"elementor-button-text\">Contacta con nosotros<\/span>\n\t\t<\/span>\n\t\t\t\t\t<\/a>\n\t\t<\/div>\n\t\t\t\t<\/div>\n\t\t\t\t<\/div>\n\t\t\t\t\t\t<\/div>\n\t\t\t\t\t<\/div>\n\t\t<\/div>\n\t\t\t\t<div class=\"elementor-column elementor-col-50 elementor-top-column elementor-element elementor-element-2c638a02\" data-id=\"2c638a02\" data-element_type=\"column\">\n\t\t\t<div class=\"elementor-column-wrap elementor-element-populated\">\n\t\t\t\t\t\t\t<div class=\"elementor-widget-wrap\">\n\t\t\t\t\t\t<div class=\"elementor-element elementor-element-1065b5c4 elementor-widget elementor-widget-image\" data-id=\"1065b5c4\" data-element_type=\"widget\" data-widget_type=\"image.default\">\n\t\t\t\t<div class=\"elementor-widget-container\">\n\t\t\t\t\t<div class=\"elementor-image\">\n\t\t\t\t\t\t\t\t\t\t<img width=\"1024\" height=\"608\" src=\"https:\/\/floresgomez.com\/wp-content\/uploads\/2019\/08\/20180209_143158-2-1024x608.jpg\" class=\"attachment-large size-large\" alt=\"\" loading=\"lazy\" srcset=\"https:\/\/floresgomez.com\/wp-content\/uploads\/2019\/08\/20180209_143158-2-1024x608.jpg 1024w, https:\/\/floresgomez.com\/wp-content\/uploads\/2019\/08\/20180209_143158-2-300x178.jpg 300w, https:\/\/floresgomez.com\/wp-content\/uploads\/2019\/08\/20180209_143158-2-768x456.jpg 768w, https:\/\/floresgomez.com\/wp-content\/uploads\/2019\/08\/20180209_143158-2-720x428.jpg 720w, https:\/\/floresgomez.com\/wp-content\/uploads\/2019\/08\/20180209_143158-2-e1566845458534.jpg 800w\" sizes=\"(max-width: 1024px) 100vw, 1024px\" \/>\t\t\t\t\t\t\t\t\t\t\t<\/div>\n\t\t\t\t<\/div>\n\t\t\t\t<\/div>\n\t\t\t\t\t\t<\/div>\n\t\t\t\t\t<\/div>\n\t\t<\/div>\n\t\t\t\t\t\t\t\t<\/div>\n\t\t\t\t\t<\/div>\n\t\t<\/section>\n\t\t\t\t\t\t<\/div>\n\t\t\t\t\t\t<\/div>\n\t\t\t\t\t<\/div>\n\t\t","protected":false},"excerpt":{"rendered":"<p>Qui\u00e9nes somos EFG nace a principios de la d\u00e9cada del 2000 de la mano de Jos\u00e9 Flores.\u00a0 Desde sus inicios, [&hellip;]<\/p>\n","protected":false},"author":1,"featured_media":0,"parent":0,"menu_order":0,"comment_status":"closed","ping_status":"closed","template":"page-templates\/template_page-builder.php","meta":{"spay_email":""},"_links":{"self":[{"href":"https:\/\/floresgomez.com\/index.php\/wp-json\/wp\/v2\/pages\/198"}],"collection":[{"href":"https:\/\/floresgomez.com\/index.php\/wp-json\/wp\/v2\/pages"}],"about":[{"href":"https:\/\/floresgomez.com\/index.php\/wp-json\/wp\/v2\/types\/page"}],"author":[{"embeddable":true,"href":"https:\/\/floresgomez.com\/index.php\/wp-json\/wp\/v2\/users\/1"}],"replies":[{"embeddable":true,"href":"https:\/\/floresgomez.com\/index.php\/wp-json\/wp\/v2\/comments?post=198"}],"version-history":[{"count":11,"href":"https:\/\/floresgomez.com\/index.php\/wp-json\/wp\/v2\/pages\/198\/revisions"}],"predecessor-version":[{"id":320,"href":"https:\/\/floresgomez.com\/index.php\/wp-json\/wp\/v2\/pages\/198\/revisions\/320"}],"wp:attachment":[{"href":"https:\/\/floresgomez.com\/index.php\/wp-json\/wp\/v2\/media?parent=198"}],"curies":[{"name":"wp","href":"https:\/\/api.w.org\/{rel}","templated":true}]}}