{"id":144,"date":"2018-08-07T10:50:47","date_gmt":"2018-08-07T10:50:47","guid":{"rendered":"http:\/\/demo.athemes.com\/atu-agency\/?page_id=144"},"modified":"2020-11-11T12:28:55","modified_gmt":"2020-11-11T11:28:55","slug":"contact","status":"publish","type":"page","link":"https:\/\/floresgomez.com\/index.php\/contact\/","title":{"rendered":"Contacto"},"content":{"rendered":"\t\t<div data-elementor-type=\"wp-post\" data-elementor-id=\"144\" class=\"elementor elementor-144\" data-elementor-settings=\"[]\">\n\t\t\t\t\t\t<div class=\"elementor-inner\">\n\t\t\t\t\t\t\t<div class=\"elementor-section-wrap\">\n\t\t\t\t\t\t\t<section class=\"elementor-section elementor-top-section elementor-element elementor-element-6352347f elementor-section-boxed elementor-section-height-default elementor-section-height-default\" data-id=\"6352347f\" data-element_type=\"section\">\n\t\t\t\t\t\t<div class=\"elementor-container elementor-column-gap-wider\">\n\t\t\t\t\t\t\t<div class=\"elementor-row\">\n\t\t\t\t\t<div class=\"elementor-column elementor-col-50 elementor-top-column elementor-element elementor-element-54047305\" data-id=\"54047305\" data-element_type=\"column\">\n\t\t\t<div class=\"elementor-column-wrap elementor-element-populated\">\n\t\t\t\t\t\t\t<div class=\"elementor-widget-wrap\">\n\t\t\t\t\t\t<div class=\"elementor-element elementor-element-3b109a3f elementor-widget elementor-widget-heading\" data-id=\"3b109a3f\" data-element_type=\"widget\" data-widget_type=\"heading.default\">\n\t\t\t\t<div class=\"elementor-widget-container\">\n\t\t\t<h2 class=\"elementor-heading-title elementor-size-default\">Contacto<\/h2>\t\t<\/div>\n\t\t\t\t<\/div>\n\t\t\t\t<div class=\"elementor-element elementor-element-d9031c1 elementor-widget elementor-widget-heading\" data-id=\"d9031c1\" data-element_type=\"widget\" data-widget_type=\"heading.default\">\n\t\t\t\t<div class=\"elementor-widget-container\">\n\t\t\t<h5 class=\"elementor-heading-title elementor-size-default\">Correo electr\u00f3nico<\/h5>\t\t<\/div>\n\t\t\t\t<\/div>\n\t\t\t\t<div class=\"elementor-element elementor-element-56b71c4 elementor-widget elementor-widget-text-editor\" data-id=\"56b71c4\" data-element_type=\"widget\" data-widget_type=\"text-editor.default\">\n\t\t\t\t<div class=\"elementor-widget-container\">\n\t\t\t\t\t<div class=\"elementor-text-editor elementor-clearfix\"><h5><span style=\"color: #545454; font-size: 22px;\">Dto. administraci\u00f3n<\/span><\/h5><p><a href=\"mailto:contabilidad@floresgomez.com\">contabilidad@floresgomez.com<\/a><\/p><h3><span style=\"color: #545454; font-size: 22px;\">Dto. t\u00e9cnico<\/span><\/h3><p><a href=\"mailto:tecnico@floresgomez.com\">tecnico@floresgomez.com<\/a><\/p><\/div>\n\t\t\t\t<\/div>\n\t\t\t\t<\/div>\n\t\t\t\t<div class=\"elementor-element elementor-element-3055b98 elementor-widget elementor-widget-heading\" data-id=\"3055b98\" data-element_type=\"widget\" data-widget_type=\"heading.default\">\n\t\t\t\t<div class=\"elementor-widget-container\">\n\t\t\t<h5 class=\"elementor-heading-title elementor-size-default\">Horarios<\/h5>\t\t<\/div>\n\t\t\t\t<\/div>\n\t\t\t\t<div class=\"elementor-element elementor-element-b4c1bc2 elementor-widget elementor-widget-text-editor\" data-id=\"b4c1bc2\" data-element_type=\"widget\" data-widget_type=\"text-editor.default\">\n\t\t\t\t<div class=\"elementor-widget-container\">\n\t\t\t\t\t<div class=\"elementor-text-editor elementor-clearfix\"><h5><b>Oficina<\/b><\/h5><h5><span style=\"color: #545454; font-size: 22px;\">Lunes &#8211; Jueves<\/span><\/h5><p>De 8:00 a 14:00 y de 15:00 a 17:00<\/p><h5><span style=\"color: #545454; font-size: 22px;\">Viernes<\/span><span style=\"color: #545454; font-size: 22px;\">\u00a0<\/span><\/h5><p>De 7.00 a 15:00<\/p><h5><strong>\u00a0<\/strong><\/h5><h5><strong>Taller<\/strong><\/h5><h5><span style=\"color: #545454; font-size: 22px;\">Lunes &#8211; Jueves<\/span><\/h5><p>De 8:00 a 14:00 y de 15:30 a 18:00<\/p><h5><span style=\"color: #545454; font-size: 22px;\">Viernes<\/span><span style=\"color: #545454; font-size: 22px;\">\u00a0<\/span><\/h5><p>De 7:00 a 15:00<\/p><\/div>\n\t\t\t\t<\/div>\n\t\t\t\t<\/div>\n\t\t\t\t<div class=\"elementor-element elementor-element-758e564 elementor-widget elementor-widget-heading\" data-id=\"758e564\" data-element_type=\"widget\" data-widget_type=\"heading.default\">\n\t\t\t\t<div class=\"elementor-widget-container\">\n\t\t\t<h5 class=\"elementor-heading-title elementor-size-default\">Tel\u00e9fono<\/h5>\t\t<\/div>\n\t\t\t\t<\/div>\n\t\t\t\t<div class=\"elementor-element elementor-element-7bb71d3 elementor-widget elementor-widget-text-editor\" data-id=\"7bb71d3\" data-element_type=\"widget\" data-widget_type=\"text-editor.default\">\n\t\t\t\t<div class=\"elementor-widget-container\">\n\t\t\t\t\t<div class=\"elementor-text-editor elementor-clearfix\"><h5><strong>Oficina<\/strong><\/h5><p>961 260 651<\/p><h5><strong>Dto. t\u00e9cnico<\/strong><\/h5><p>656 312 177\u00a0<\/p><\/div>\n\t\t\t\t<\/div>\n\t\t\t\t<\/div>\n\t\t\t\t<div class=\"elementor-element elementor-element-25519c7 elementor-widget elementor-widget-google_maps\" data-id=\"25519c7\" data-element_type=\"widget\" data-widget_type=\"google_maps.default\">\n\t\t\t\t<div class=\"elementor-widget-container\">\n\t\t\t<div class=\"elementor-custom-embed\"><iframe frameborder=\"0\" scrolling=\"no\" marginheight=\"0\" marginwidth=\"0\" src=\"https:\/\/maps.google.com\/maps?q=Electromecanica%20Flores%20Gomez&amp;t=m&amp;z=11&amp;output=embed&amp;iwloc=near\" title=\"Electromecanica Flores Gomez\" aria-label=\"Electromecanica Flores Gomez\"><\/iframe><\/div>\t\t<\/div>\n\t\t\t\t<\/div>\n\t\t\t\t\t\t<\/div>\n\t\t\t\t\t<\/div>\n\t\t<\/div>\n\t\t\t\t<div class=\"elementor-column elementor-col-50 elementor-top-column elementor-element elementor-element-e1d50ce\" data-id=\"e1d50ce\" data-element_type=\"column\">\n\t\t\t<div class=\"elementor-column-wrap elementor-element-populated\">\n\t\t\t\t\t\t\t<div class=\"elementor-widget-wrap\">\n\t\t\t\t\t\t<div class=\"elementor-element elementor-element-18c7a2a elementor-widget elementor-widget-heading\" data-id=\"18c7a2a\" data-element_type=\"widget\" data-widget_type=\"heading.default\">\n\t\t\t\t<div class=\"elementor-widget-container\">\n\t\t\t<h2 class=\"elementor-heading-title elementor-size-default\">Env\u00edanos un mensaje<\/h2>\t\t<\/div>\n\t\t\t\t<\/div>\n\t\t\t\t<div class=\"elementor-element elementor-element-54883094 atu-contact-page elementor-widget elementor-widget-shortcode\" data-id=\"54883094\" data-element_type=\"widget\" data-widget_type=\"shortcode.default\">\n\t\t\t\t<div class=\"elementor-widget-container\">\n\t\t\t\t\t<div class=\"elementor-shortcode\"><div role=\"form\" class=\"wpcf7\" id=\"wpcf7-f152-o1\" lang=\"en-US\" dir=\"ltr\">\n<div class=\"screen-reader-response\"><p role=\"status\" aria-live=\"polite\" aria-atomic=\"true\"><\/p> <ul><\/ul><\/div>\n<form action=\"\/index.php\/wp-json\/wp\/v2\/pages\/144#wpcf7-f152-o1\" method=\"post\" class=\"wpcf7-form init\" novalidate=\"novalidate\" data-status=\"init\">\n<div style=\"display: none;\">\n<input type=\"hidden\" name=\"_wpcf7\" value=\"152\" \/>\n<input type=\"hidden\" name=\"_wpcf7_version\" value=\"5.4\" \/>\n<input type=\"hidden\" name=\"_wpcf7_locale\" value=\"en_US\" \/>\n<input type=\"hidden\" name=\"_wpcf7_unit_tag\" value=\"wpcf7-f152-o1\" \/>\n<input type=\"hidden\" name=\"_wpcf7_container_post\" value=\"0\" \/>\n<input type=\"hidden\" name=\"_wpcf7_posted_data_hash\" value=\"\" \/>\n<input type=\"hidden\" name=\"_wpcf7_recaptcha_response\" value=\"\" \/>\n<\/div>\n<div class=\"hc-contact-page\">\n<div class=\"row\">\n<div class=\"col-md-12\">\n<label> Tu Nombre (obligatorio)<br \/>\n    <span class=\"wpcf7-form-control-wrap your-name\"><input type=\"text\" name=\"your-name\" value=\"\" size=\"40\" class=\"wpcf7-form-control wpcf7-text wpcf7-validates-as-required\" aria-required=\"true\" aria-invalid=\"false\" \/><\/span> <\/label>\n<\/div>\n<div class=\"col-md-12\">\n<label> Tu Email (obligatorio)<br \/>\n    <span class=\"wpcf7-form-control-wrap your-email\"><input type=\"email\" name=\"your-email\" value=\"\" size=\"40\" class=\"wpcf7-form-control wpcf7-text wpcf7-email wpcf7-validates-as-required wpcf7-validates-as-email\" aria-required=\"true\" aria-invalid=\"false\" \/><\/span> <\/label>\n<\/div>\n<div class=\"col-md-12\">\n<label> Tu Tel\u00e9fono<br \/>\n    <span class=\"wpcf7-form-control-wrap tel-122\"><input type=\"tel\" name=\"tel-122\" value=\"\" size=\"40\" class=\"wpcf7-form-control wpcf7-text wpcf7-tel wpcf7-validates-as-tel\" aria-invalid=\"false\" \/><\/span> <\/label>\n<\/div>\n<\/div>\n<div class=\"row\">\n<\/div>\n<p><label> Tu Mensaje<br \/>\n    <span class=\"wpcf7-form-control-wrap your-message\"><textarea name=\"your-message\" cols=\"40\" rows=\"4\" class=\"wpcf7-form-control wpcf7-textarea\" aria-invalid=\"false\"><\/textarea><\/span> <\/label><\/p>\n<p><input type=\"submit\" value=\"Enviar\" class=\"wpcf7-form-control wpcf7-submit\" \/>\n<\/p><\/div>\n<div class=\"wpcf7-response-output\" aria-hidden=\"true\"><\/div><\/form><\/div><\/div>\n\t\t\t\t<\/div>\n\t\t\t\t<\/div>\n\t\t\t\t<div class=\"elementor-element elementor-element-fca840c elementor-widget elementor-widget-heading\" data-id=\"fca840c\" data-element_type=\"widget\" data-widget_type=\"heading.default\">\n\t\t\t\t<div class=\"elementor-widget-container\">\n\t\t\t<h5 class=\"elementor-heading-title elementor-size-default\">Direcci\u00f3n<\/h5>\t\t<\/div>\n\t\t\t\t<\/div>\n\t\t\t\t<div class=\"elementor-element elementor-element-49c39f0 elementor-widget elementor-widget-text-editor\" data-id=\"49c39f0\" data-element_type=\"widget\" data-widget_type=\"text-editor.default\">\n\t\t\t\t<div class=\"elementor-widget-container\">\n\t\t\t\t\t<div class=\"elementor-text-editor elementor-clearfix\"><p>Cami de Bony, 206<\/p><p>Pol\u00edgono Industrial de Catarroja<\/p><p>46470, Catarroja, Valencia<\/p><\/div>\n\t\t\t\t<\/div>\n\t\t\t\t<\/div>\n\t\t\t\t\t\t<\/div>\n\t\t\t\t\t<\/div>\n\t\t<\/div>\n\t\t\t\t\t\t\t\t<\/div>\n\t\t\t\t\t<\/div>\n\t\t<\/section>\n\t\t\t\t\t\t<\/div>\n\t\t\t\t\t\t<\/div>\n\t\t\t\t\t<\/div>\n\t\t","protected":false},"excerpt":{"rendered":"<p>Contacto Correo electr\u00f3nico Dto. administraci\u00f3n contabilidad@floresgomez.com Dto. t\u00e9cnico tecnico@floresgomez.com Horarios Oficina Lunes &#8211; Jueves De 8:00 a 14:00 y de [&hellip;]<\/p>\n","protected":false},"author":1,"featured_media":0,"parent":0,"menu_order":0,"comment_status":"closed","ping_status":"closed","template":"page-templates\/template_fullwidth.php","meta":{"spay_email":""},"_links":{"self":[{"href":"https:\/\/floresgomez.com\/index.php\/wp-json\/wp\/v2\/pages\/144"}],"collection":[{"href":"https:\/\/floresgomez.com\/index.php\/wp-json\/wp\/v2\/pages"}],"about":[{"href":"https:\/\/floresgomez.com\/index.php\/wp-json\/wp\/v2\/types\/page"}],"author":[{"embeddable":true,"href":"https:\/\/floresgomez.com\/index.php\/wp-json\/wp\/v2\/users\/1"}],"replies":[{"embeddable":true,"href":"https:\/\/floresgomez.com\/index.php\/wp-json\/wp\/v2\/comments?post=144"}],"version-history":[{"count":13,"href":"https:\/\/floresgomez.com\/index.php\/wp-json\/wp\/v2\/pages\/144\/revisions"}],"predecessor-version":[{"id":356,"href":"https:\/\/floresgomez.com\/index.php\/wp-json\/wp\/v2\/pages\/144\/revisions\/356"}],"wp:attachment":[{"href":"https:\/\/floresgomez.com\/index.php\/wp-json\/wp\/v2\/media?parent=144"}],"curies":[{"name":"wp","href":"https:\/\/api.w.org\/{rel}","templated":true}]}}